{"id":6273,"date":"2024-03-24T14:06:37","date_gmt":"2024-03-24T11:06:37","guid":{"rendered":"https:\/\/digimarkstudio.com\/about-us\/"},"modified":"2024-03-31T17:53:32","modified_gmt":"2024-03-31T14:53:32","slug":"ueber-uns","status":"publish","type":"page","link":"https:\/\/digimarkstudio.com\/de\/ueber-uns\/","title":{"rendered":"\u00dcBER UNS"},"content":{"rendered":"<section class=\"wpb-content-wrapper\"><p>[vc_row][vc_column]\n\t\t<div class=\"themesflat_sc_vc-spacer clearfix\" data-desktop=\"90\" data-mobi=\"60\" data-smobi=\"60\"><\/div>[\/vc_column][\/vc_row][vc_row][vc_column width=&#8221;1\/2&#8243;][vc_row_inner][vc_column_inner]<div class=\"themesflat_sc_vc-headings clearfix \" data-font=40 data-mfont=24 style=\"\"><h2 class=\"heading clearfix\" style=\"font-weight:700;line-height:130%;margin-bottom:20px;letter-spacing:-2px;word-spacing:2px;font-size:40px;\">\n\t\t\tWir sind Digimark\n\t\t<\/h2><div class=\"sep  clearfix\" style=\"width:100px;height:3px;background-color:#c71d3b;\"><\/div><\/div><div class=\"themesflat_sc_vc-content-box clearfix  \" data-padding=\"\" data-mobipadding=\"\" data-margin=\"\" data-mobimargin=\"\" style=\"\">\n    \t\t\n    \t\t<div class=\"inner \" style=\"\">\n    \t\t\t<p>[vc_column_text css=&#8221;.vc_custom_1711535105893{padding-top: 15px !important;padding-bottom: 15px !important;}&#8221;]Wir sind ein Medienunternehmen, das sich auf digital marketing, Inhouse-Content production und Performance Marketing spezialisiert hat.<\/p>\n<p>Mit unserem leidenschaftlichen und erfahrenen Team mit Sitz in\u00a0<strong>Berlin<\/strong>\u00a0erm\u00f6glichen wir Unternehmen und Institutionen in ganz Europa, Vorreiter im digitalen Marketing zu sein.<\/p>\n<p>Wir produzieren\u00a0<strong>professionelle video content<\/strong>\u00a0und ma\u00dfgeschneiderte marketing strategies. Unser umfassendes Leistungsspektrum umfasst video production, dynamisches social media management, influencer marketing und modernste digital media advertising.<\/p>\n<p>Lassen Sie uns gemeinsam kreieren, fesseln und konvertieren!<\/p>\n<div id=\"mttContainer\" class=\"notranslate\" style=\"transform: translate(332px, 188px);\" aria-expanded=\"false\">\n<div id=\"tippy-1\" style=\"z-index: 100000200; visibility: hidden; position: absolute; inset: auto auto 0px 0px; margin: 0px; transform: translate(399px, -20px); pointer-events: none;\" data-tippy-root=\"\">\n<div class=\"tippy-box\" style=\"max-width: 350px; transition-duration: 250ms;\" tabindex=\"-1\" role=\"mtttooltip\" data-state=\"hidden\" data-theme=\"custom\" data-animation=\"fade\" data-placement=\"top\">\n<div class=\"tippy-content\" style=\"transition-duration: 250ms;\" data-state=\"hidden\"><span dir=\"ltr\">Profesyonel video i\u00e7erikleri ve ki\u015fiye \u00f6zel pazarlama stratejileri \u00fcretiyoruz.<\/span><\/div>\n<div class=\"tippy-arrow\" style=\"position: absolute; left: 0px; transform: translate(92px, 0px);\"><\/div>\n<\/div>\n<\/div>\n<\/div>\n<div id=\"mttContainer\" class=\"notranslate\" style=\"transform: translate(459px, 192px);\" aria-expanded=\"false\">\n<div id=\"tippy-1\" style=\"z-index: 100000200; visibility: hidden; position: absolute; inset: auto auto 0px 0px; margin: 0px; transform: translate(399px, -20px); pointer-events: none;\" data-tippy-root=\"\">\n<div class=\"tippy-box\" style=\"max-width: 350px; transition-duration: 250ms;\" tabindex=\"-1\" role=\"mtttooltip\" data-state=\"hidden\" data-theme=\"custom\" data-animation=\"fade\" data-placement=\"top\">\n<div class=\"tippy-content\" style=\"transition-duration: 250ms;\" data-state=\"hidden\"><span dir=\"ltr\">Berlin&#8217;de bulunan tutkulu ve deneyimli ekibimizle, Avrupa&#8217;daki \u015firketlerin ve kurumlar\u0131n dijital pazarlamada \u00f6nc\u00fc olmalar\u0131n\u0131 sa\u011fl\u0131yoruz.<\/span><\/div>\n<div class=\"tippy-arrow\" style=\"position: absolute; left: 0px; transform: translate(92px, 0px);\"><\/div>\n<\/div>\n<\/div>\n<\/div>\n<div id=\"mttContainer\" class=\"notranslate\" style=\"transform: translate(-189px, -2px);\" aria-expanded=\"false\">\n<div id=\"tippy-1\" style=\"z-index: 100000200; visibility: hidden; position: absolute; inset: 0px auto auto 0px; margin: 0px; transform: translate(694px, 20px); pointer-events: none;\" data-tippy-root=\"\">\n<div class=\"tippy-box\" style=\"max-width: 350px; transition-duration: 250ms;\" tabindex=\"-1\" role=\"mtttooltip\" data-state=\"hidden\" data-theme=\"custom\" data-animation=\"fade\" data-placement=\"bottom\" data-reference-hidden=\"\">\n<div class=\"tippy-content\" style=\"transition-duration: 250ms;\" data-state=\"hidden\"><span dir=\"ltr\">Dijital pazarlama, kurum i\u00e7i i\u00e7erik \u00fcretimi ve performans pazarlamas\u0131 konular\u0131nda uzmanla\u015fm\u0131\u015f bir medya \u015firketiyiz.<\/span><\/div>\n<div class=\"tippy-arrow\" style=\"position: absolute; left: 0px; transform: translate(3px, 0px);\"><\/div>\n<\/div>\n<\/div>\n<\/div>\n<p>[\/vc_column_text]<\/p>\n\n    \t\t<\/div>\n    \t<\/div>[\/vc_column_inner][\/vc_row_inner][\/vc_column][vc_column width=&#8221;1\/2&#8243;]<div class=\"themesflat_sc_vc-single-image    overlay_hover_display \" style=\"\">\n\t\t\t\t<div class=\"wrap-image\" ><img decoding=\"async\" alt=\"image\" src=\"https:\/\/digimarkstudio.com\/wp-content\/uploads\/2024\/03\/we_are_digimark_almanca.png\" style=\"border-radius:5px;\"\/><span class=\"overlay\" style=\"border-radius:5px;\"><\/span><\/div>\n\t\t\t\t\n\t\t\t<\/div>[\/vc_column][\/vc_row][vc_row][vc_column]\n\t\t<div class=\"themesflat_sc_vc-spacer clearfix\" data-desktop=\"90\" data-mobi=\"60\" data-smobi=\"60\"><\/div>[\/vc_column][\/vc_row][vc_row][vc_column width=&#8221;1\/2&#8243; css=&#8221;.vc_custom_1711278922863{padding-top: 13px !important;padding-bottom: 20px !important;}&#8221;]<div class=\"themesflat_sc_vc-single-image    overlay_hover_display \" style=\"\">\n\t\t\t\t<div class=\"wrap-image\" ><img decoding=\"async\" alt=\"image\" src=\"https:\/\/digimarkstudio.com\/wp-content\/uploads\/2024\/03\/our-mission.jpg\" style=\"border-radius:5px;\"\/><span class=\"overlay\" style=\"border-radius:5px;\"><\/span><\/div>\n\t\t\t\t\n\t\t\t<\/div>[\/vc_column][vc_column width=&#8221;1\/2&#8243;][vc_row_inner][vc_column_inner]<div class=\"themesflat_sc_vc-headings clearfix \" data-font=33 data-mfont=24 style=\"\"><h2 class=\"heading clearfix\" style=\"font-weight:700;line-height:130%;margin-bottom:20px;letter-spacing:-2px;word-spacing:2px;font-size:33px;\">\n\t\t\tUnsere Aufgabe\n\t\t<\/h2><div class=\"sep  clearfix\" style=\"width:100px;height:3px;background-color:#c71d3b;\"><\/div><\/div><div class=\"themesflat_sc_vc-content-box clearfix  \" data-padding=\"\" data-mobipadding=\"\" data-margin=\"\" data-mobimargin=\"\" style=\"\">\n    \t\t\n    \t\t<div class=\"inner \" style=\"\">\n    \t\t\t<p>[vc_column_text css=&#8221;.vc_custom_1711278498417{padding-top: 15px !important;}&#8221;]In unserer Digitalagentur glauben wir, dass jede Marke einen einzigartigen Glanz besitzt, eine Geschichte, die darauf wartet, erz\u00e4hlt zu werden. Unsere Mission ist es, diesen Glanz zu verst\u00e4rken und den Markenzweck in eine Sprache umzuwandeln, die in den sozialen Medien erfolgreich ist Starke Verbindungen zu den perfekten Influencern, die Ihre Stimme widerspiegeln.<\/p>\n<div id=\"mttContainer\" class=\"notranslate\" style=\"transform: translate(428px, 22px);\" aria-expanded=\"false\"><\/div>\n<div id=\"mttContainer\" class=\"notranslate\" style=\"transform: translate(302px, 198px);\" aria-expanded=\"false\"><\/div>\n<div id=\"mttContainer\" class=\"notranslate\" style=\"transform: translate(389px, 197px);\" aria-expanded=\"false\"><\/div>\n<div id=\"mttContainer\" class=\"notranslate\" style=\"transform: translate(101px, 194px);\" aria-expanded=\"false\"><\/div>\n<p>[\/vc_column_text]<\/p>\n\n    \t\t<\/div>\n    \t<\/div>[\/vc_column_inner][\/vc_row_inner][\/vc_column][\/vc_row][vc_row][vc_column]\n\t\t<div class=\"themesflat_sc_vc-spacer clearfix\" data-desktop=\"90\" data-mobi=\"60\" data-smobi=\"60\"><\/div>[\/vc_column][\/vc_row][vc_row parallax=&#8221;content-moving&#8221; parallax_image=&#8221;5230&#8243; parallax_speed_bg=&#8221;1&#8243; default_id=&#8221;themesflat_1540973164&#8243;][vc_column]\n\t\t<div class=\"themesflat_sc_vc-spacer clearfix\" data-desktop=\"90\" data-mobi=\"60\" data-smobi=\"60\"><\/div><div class=\"themesflat_sc_vc-carousel-box arrow-center bullet-square offset-hcenter offset-v0\" data-auto=\"false\" data-loop=\"false\" data-gap=\"0\" data-speed=\"5000\" data-column=\"1\" data-column2=\"1\" data-column3=\"1\">\n            <div class=\"owl-carousel owl-theme\"><div class=\"themesflat_sc_vc-content-box clearfix  \" data-padding=\"0px 50px\" data-mobipadding=\"0px 0px\" data-margin=\"\" data-mobimargin=\"\" style=\"\">\n    \t\t\n    \t\t<div class=\"inner \" style=\"\">\n    \t\t\t<div class=\"themesflat_sc_vc-headings clearfix text-center\" data-font=60 style=\"\"><h2 class=\"heading clearfix\" style=\"font-weight:600;color:#ffffff;line-height:1;font-family:Libre Baskerville;font-size:60px;\">\n\t\t\t\u201c\n\t\t<\/h2><p class=\"sub-heading clearfix\" style=\"font-style:italic;font-weight:500;color:#ffffff;font-size:22px;line-height:1.6;font-family:Libre Baskerville;\">\n\t\t\tWenn ein Bild mehr sagt als tausend Worte, dann sagt ein Video mehr als eine Million!\n\t\t<\/p><\/div><div class=\"themesflat_sc_vc-headings clearfix text-center\" data-font=20 style=\"\"><h2 class=\"heading clearfix\" style=\"font-weight:500;color:#ffffff;line-height:1.3;margin-top:15px;font-size:20px;\">\n\t\t\tYouTube\n\t\t<\/h2><p class=\"sub-heading clearfix\" style=\"font-style:normal;font-weight:600;color:#ffffff;font-size:12px;letter-spacing:2px;\">\n\t\t\tOFFICIAL BLOG\n\t\t<\/p><\/div>\n\n    \t\t<\/div>\n    \t<\/div>\n<\/div>\n    \t<\/div>\n\t\t<div class=\"themesflat_sc_vc-spacer clearfix\" data-desktop=\"90\" data-mobi=\"60\" data-smobi=\"60\"><\/div>[\/vc_column][\/vc_row][vc_row][vc_column]\n\t\t<div class=\"themesflat_sc_vc-spacer clearfix\" data-desktop=\"90\" data-mobi=\"60\" data-smobi=\"60\"><\/div>[\/vc_column][\/vc_row][vc_row][vc_column width=&#8221;1\/2&#8243; css=&#8221;.vc_custom_1711170959946{padding-bottom: 20px !important;}&#8221;]<div class=\"themesflat_sc_vc-single-image    overlay_hover_display \" style=\"\">\n\t\t\t\t<div class=\"wrap-image\" ><img decoding=\"async\" alt=\"image\" src=\"https:\/\/digimarkstudio.com\/wp-content\/uploads\/2024\/03\/resonate.jpg\" style=\"\"\/><span class=\"overlay\" style=\"\"><\/span><\/div>\n\t\t\t\t\n\t\t\t<\/div>[\/vc_column][vc_column width=&#8221;1\/2&#8243;][vc_row_inner][vc_column_inner]<div class=\"themesflat_sc_vc-headings clearfix \" data-font=33 data-mfont=24 style=\"\"><h2 class=\"heading clearfix\" style=\"font-weight:700;line-height:130%;margin-bottom:20px;letter-spacing:-2px;word-spacing:2px;font-size:33px;\">\n\t\t\tLassen Sie uns mitschwingen<br \/>\nmit Ihrer Zielgruppe\n\t\t<\/h2><div class=\"sep  clearfix\" style=\"width:100px;height:3px;background-color:#c71d3b;\"><\/div><\/div>[\/vc_column_inner][\/vc_row_inner]<div class=\"themesflat_sc_vc-content-box clearfix  \" data-padding=\"\" data-mobipadding=\"\" data-margin=\"\" data-mobimargin=\"\" style=\"\">\n    \t\t\n    \t\t<div class=\"inner \" style=\"\">\n    \t\t\t<p>[vc_column_text css=&#8221;.vc_custom_1711278573458{padding-top: 15px !important;}&#8221;]Wir verf\u00fcgen \u00fcber umfassendes Fachwissen im Bereich der professionellen Fertigung Videokampagnen. Unsere Kompetenz erstreckt sich auch auf das Capturen visuell ansprechende Inhalte, die einzigartig ankommen das Publikum und kultiviert eine positive Markenwahrnehmung und sich positiv auf die Vertriebsleistung auswirkt.<\/p>\n<div id=\"mttContainer\" class=\"notranslate\" style=\"transform: translate(253px, 188px);\" aria-expanded=\"false\"><\/div>\n<div id=\"mttContainer\" class=\"notranslate\" style=\"transform: translate(225px, 196px);\" aria-expanded=\"false\"><\/div>\n<div id=\"mttContainer\" class=\"notranslate\" style=\"transform: translate(283px, 197px);\" aria-expanded=\"false\"><\/div>\n<div id=\"mttContainer\" class=\"notranslate\" style=\"transform: translate(315px, 181px);\" aria-expanded=\"false\"><\/div>\n<p>[\/vc_column_text]<\/p>\n\n    \t\t<\/div>\n    \t<\/div>[\/vc_column][\/vc_row][vc_row full_width=&#8221;stretch_row&#8221;][vc_column][vc_row_inner][vc_column_inner]\n\t\t<div class=\"themesflat_sc_vc-spacer clearfix\" data-desktop=\"90\" data-mobi=\"60\" data-smobi=\"60\"><\/div>[\/vc_column_inner][\/vc_row_inner][vc_row_inner][vc_column_inner width=&#8221;1\/2&#8243;]<div class=\"themesflat_sc_vc-content-box clearfix  \" data-padding=\"15px\" data-mobipadding=\"\" data-margin=\"\" data-mobimargin=\"\" style=\"\">\n    \t\t\n    \t\t<div class=\"inner \" style=\"\">\n    \t\t\t<div class=\"themesflat_sc_vc-headings clearfix \" data-font=33 data-mfont=24 style=\"\"><h2 class=\"heading clearfix\" style=\"font-weight:700;line-height:130%;margin-top:25px;margin-bottom:20px;letter-spacing:-2px;word-spacing:2px;font-size:33px;\">\n\t\t\tWir lieben gute Videos\n\t\t<\/h2><div class=\"sep  clearfix\" style=\"width:100px;height:3px;background-color:#c71d3b;\"><\/div><\/div>[vc_column_text css=&#8221;.vc_custom_1711278721917{padding-top: 15px !important;}&#8221;]<span style=\"font-size: 12pt;\">Das menschliche Gehirn ist darauf ausgelegt, visuelle Inhalte viel besser zu verarbeiten und zu behalten als statische Textinhalte, was erkl\u00e4rt, warum Videoinhalte viel h\u00f6here Interaktionen und Verkaufskonvertierungen generieren als herk\u00f6mmliche Medien.<\/span><\/p>\n<div id=\"mttContainer\" class=\"notranslate\" style=\"transform: translate(256px, 179px);\" aria-expanded=\"false\"><\/div>\n<div id=\"mttContainer\" class=\"notranslate\" style=\"transform: translate(174px, 180px);\" aria-expanded=\"false\">\n<div id=\"tippy-1\" style=\"z-index: 100000200; visibility: hidden; position: absolute; inset: auto auto 0px 0px; margin: 0px; transform: translate(399px, -20px); pointer-events: none;\" data-tippy-root=\"\">\n<div class=\"tippy-box\" style=\"max-width: 350px; transition-duration: 250ms;\" tabindex=\"-1\" role=\"mtttooltip\" data-state=\"hidden\" data-theme=\"custom\" data-animation=\"fade\" data-placement=\"top\">\n<div class=\"tippy-content\" style=\"transition-duration: 250ms;\" data-state=\"hidden\"><span dir=\"ltr\">Sizi di\u011ferlerinden ay\u0131ran benzersiz video hikaye anlat\u0131m\u0131n\u0131 kullanarak kitlenizin etkile\u015fime ge\u00e7mesini te\u015fvik ediyoruz.<\/span><\/div>\n<div class=\"tippy-arrow\" style=\"position: absolute; left: 0px; transform: translate(92px, 0px);\"><\/div>\n<\/div>\n<\/div>\n<\/div>\n<div id=\"mttContainer\" class=\"notranslate\" style=\"transform: translate(431px, 196px);\" aria-expanded=\"false\"><\/div>\n<p>[\/vc_column_text][vc_column_text css=&#8221;.vc_custom_1711278704139{padding-top: 15px !important;}&#8221;]<span style=\"font-size: 12pt;\">Wir ermutigen Ihr Publikum, sich mit einzigartigem Video-Storytelling zu engagieren, das Sie von anderen abhebt.<\/span><\/p>\n<div id=\"mttContainer\" class=\"notranslate\" style=\"transform: translate(256px, 179px);\" aria-expanded=\"false\"><\/div>\n<div id=\"mttContainer\" class=\"notranslate\" style=\"transform: translate(174px, 180px);\" aria-expanded=\"false\">\n<div id=\"tippy-1\" style=\"z-index: 100000200; visibility: hidden; position: absolute; inset: auto auto 0px 0px; margin: 0px; transform: translate(399px, -20px); pointer-events: none;\" data-tippy-root=\"\">\n<div class=\"tippy-box\" style=\"max-width: 350px; transition-duration: 250ms;\" tabindex=\"-1\" role=\"mtttooltip\" data-state=\"hidden\" data-theme=\"custom\" data-animation=\"fade\" data-placement=\"top\">\n<div class=\"tippy-content\" style=\"transition-duration: 250ms;\" data-state=\"hidden\"><span dir=\"ltr\">Sizi di\u011ferlerinden ay\u0131ran benzersiz video hikaye anlat\u0131m\u0131n\u0131 kullanarak kitlenizin etkile\u015fime ge\u00e7mesini te\u015fvik ediyoruz.<\/span><\/div>\n<div class=\"tippy-arrow\" style=\"position: absolute; left: 0px; transform: translate(92px, 0px);\"><\/div>\n<\/div>\n<\/div>\n<\/div>\n<p>[\/vc_column_text]<\/p>\n\n    \t\t<\/div>\n    \t<\/div>[\/vc_column_inner][vc_column_inner width=&#8221;1\/2&#8243; css=&#8221;.vc_custom_1711170973733{padding-top: 20px !important;}&#8221;]<div class=\"themesflat_sc_vc-single-image    overlay_hover_display \" style=\"\">\n\t\t\t\t<div class=\"wrap-image\" ><img decoding=\"async\" alt=\"image\" src=\"https:\/\/digimarkstudio.com\/wp-content\/uploads\/2024\/03\/we-love-video-2.jpg\" style=\"\"\/><span class=\"overlay\" style=\"\"><\/span><\/div>\n\t\t\t\t\n\t\t\t<\/div>[\/vc_column_inner][\/vc_row_inner][vc_row_inner][vc_column_inner]\n\t\t<div class=\"themesflat_sc_vc-spacer clearfix\" data-desktop=\"90\" data-mobi=\"60\" data-smobi=\"60\"><\/div>[\/vc_column_inner][\/vc_row_inner][\/vc_column][\/vc_row][vc_row full_width=&#8221;stretch_row&#8221; default_id=&#8221;themesflat_1537522589&#8243; css=&#8221;.vc_custom_1711125254159{background-color: #fafafa !important;}&#8221;][vc_column]<div class=\"themesflat_sc_vc-action-box  \" style=\"padding:60px 0px 60px 0px;\">\n\t\t\t<div class=\"inner\">\n\t\t\t<div class=\"heading-wrap \">\n\t\t\t\t<div class=\"text-wrap\" style=\"\">\n\t\t\t\t\t\n\t\t\t\t\t<h3 class=\"heading\" style=\"color:#222222;font-size:33px;line-height:1.3;margin-bottom:5px;letter-spacing:-2px;word-spacing:2px;\">\n\t\t\t\t\t\tEntdecken Sie die M\u00f6glichkeiten mit Digimark?\n\t\t\t\t\t<\/h3>\n\t\t\t\t\t\n\t\t\t<div class=\"sub-heading\" style=\"font-weight:500;color:#979797;font-size:15px;line-height:160%;\">\n\t\t\t\tHier beginnt Ihre Erfolgsgeschichte. Sind Sie bereit, Wellen zu schlagen?\n\t\t\t<\/div>\n\t\t\t\t<\/div>\n\t\t\t<\/div>\n\t\t\t<div class=\"button-wrap \">\n\t\t\t\t<a href=\"https:\/\/digimarkstudio.com\/contact-us\/\" class=\" themesflat_sc_vc-button outline ol-accent\" style=\"font-weight:600;font-size:14px;border-radius:50px;\">\n\t\t\t\t\tJetzt kontaktieren\n\t\t\t\t<\/a>\n\t\t\t<\/div><\/div>\n\t\t<\/div>[\/vc_column][\/vc_row]<\/p>\n<div id=\"mttContainer\" class=\"notranslate\" aria-expanded=\"false\"><\/div>\n<div id=\"mttContainer\" class=\"notranslate\" aria-expanded=\"false\"><\/div>\n<\/section>","protected":false},"excerpt":{"rendered":"<p>[vc_row][vc_column][\/vc_column][\/vc_row][vc_row][vc_column width=&#8221;1\/2&#8243;][vc_row_inner][vc_column_inner][\/vc_column_inner][\/vc_row_inner][\/vc_column][vc_column width=&#8221;1\/2&#8243;][\/vc_column][\/vc_row][vc_row][vc_column][\/vc_column][\/vc_row][vc_row][vc_column width=&#8221;1\/2&#8243; css=&#8221;.vc_custom_1711278922863{padding-top: 13px !important;padding-bottom: 20px !important;}&#8221;][\/vc_column][vc_column width=&#8221;1\/2&#8243;][vc_row_inner][vc_column_inner][\/vc_column_inner][\/vc_row_inner][\/vc_column][\/vc_row][vc_row][vc_column][\/vc_column][\/vc_row][vc_row parallax=&#8221;content-moving&#8221; parallax_image=&#8221;5230&#8243; parallax_speed_bg=&#8221;1&#8243; default_id=&#8221;themesflat_1540973164&#8243;][vc_column][\/vc_column][\/vc_row][vc_row][vc_column][\/vc_column][\/vc_row][vc_row][vc_column width=&#8221;1\/2&#8243; css=&#8221;.vc_custom_1711170959946{padding-bottom: 20px !important;}&#8221;][\/vc_column][vc_column width=&#8221;1\/2&#8243;][vc_row_inner][vc_column_inner][\/vc_column_inner][\/vc_row_inner][\/vc_column][\/vc_row][vc_row full_width=&#8221;stretch_row&#8221;][vc_column][vc_row_inner][vc_column_inner][\/vc_column_inner][\/vc_row_inner][vc_row_inner][vc_column_inner width=&#8221;1\/2&#8243;][\/vc_column_inner][vc_column_inner width=&#8221;1\/2&#8243; css=&#8221;.vc_custom_1711170973733{padding-top: 20px !important;}&#8221;][\/vc_column_inner][\/vc_row_inner][vc_row_inner][vc_column_inner][\/vc_column_inner][\/vc_row_inner][\/vc_column][\/vc_row][vc_row full_width=&#8221;stretch_row&#8221; default_id=&#8221;themesflat_1537522589&#8243; css=&#8221;.vc_custom_1711125254159{background-color: #fafafa !important;}&#8221;][vc_column][\/vc_column][\/vc_row]<\/p>\n","protected":false},"author":1,"featured_media":0,"parent":0,"menu_order":0,"comment_status":"closed","ping_status":"closed","template":"tpl\/page_nosidebar.php","meta":{"footnotes":""},"class_list":["post-6273","page","type-page","status-publish","hentry"],"_links":{"self":[{"href":"https:\/\/digimarkstudio.com\/de\/wp-json\/wp\/v2\/pages\/6273","targetHints":{"allow":["GET"]}}],"collection":[{"href":"https:\/\/digimarkstudio.com\/de\/wp-json\/wp\/v2\/pages"}],"about":[{"href":"https:\/\/digimarkstudio.com\/de\/wp-json\/wp\/v2\/types\/page"}],"author":[{"embeddable":true,"href":"https:\/\/digimarkstudio.com\/de\/wp-json\/wp\/v2\/users\/1"}],"replies":[{"embeddable":true,"href":"https:\/\/digimarkstudio.com\/de\/wp-json\/wp\/v2\/comments?post=6273"}],"version-history":[{"count":0,"href":"https:\/\/digimarkstudio.com\/de\/wp-json\/wp\/v2\/pages\/6273\/revisions"}],"wp:attachment":[{"href":"https:\/\/digimarkstudio.com\/de\/wp-json\/wp\/v2\/media?parent=6273"}],"curies":[{"name":"wp","href":"https:\/\/api.w.org\/{rel}","templated":true}]}}