{"id":6281,"date":"2024-03-17T12:39:08","date_gmt":"2024-03-17T09:39:08","guid":{"rendered":"https:\/\/digimarkstudio.com\/career\/"},"modified":"2024-03-31T17:53:03","modified_gmt":"2024-03-31T14:53:03","slug":"karriere","status":"publish","type":"page","link":"https:\/\/digimarkstudio.com\/de\/karriere\/","title":{"rendered":"KARRIERE"},"content":{"rendered":"<section class=\"wpb-content-wrapper\"><p>[vc_row][vc_column]\n\t\t<div class=\"themesflat_sc_vc-spacer clearfix\" data-desktop=\"60\" data-mobi=\"60\" data-smobi=\"60\"><\/div>[vc_row_inner][vc_column_inner]<div class=\"themesflat_sc_vc-content-box clearfix  hover-bg-light text-center\" data-padding=\"40px 80px\" data-mobipadding=\"30px 60px\" data-margin=\"\" data-mobimargin=\"\" style=\"border-radius:5px;\">\n    \t\t\n    \t\t<div class=\"inner \" style=\"border-radius:5px; overflow: hidden;border-style:solid;border-width:1px;border-color:#dddddd;\">\n    \t\t\t<p>[vc_single_image image=&#8221;5013&#8243; img_size=&#8221;&#8221; alignment=&#8221;center&#8221;]\n\t\t<div class=\"themesflat_sc_vc-spacer clearfix\" data-desktop=\"20\" data-mobi=\"20\" data-smobi=\"30\"><\/div>[vc_column_text]Bei Digimark leben wir von Kreativit\u00e4t und Innovation und sind st\u00e4ndig auf der Suche nach talentierten und leidenschaftlichen Menschen, die unser dynamisches Team verst\u00e4rken. Wenn Sie bereit sind, sich bei Digimark Berlin einen Namen zu machen und sich einem dynamischen Team an der Spitze des Influencer-Marketings anzuschlie\u00dfen, w\u00fcrden wir gerne sehen, was Sie in unsere Agentur einbringen k\u00f6nnen.<\/p>\n<p>Bitte reichen Sie Ihren Lebenslauf ein und begeben Sie sich mit uns auf eine Reise der Kreativit\u00e4t und des Wachstums!<\/p>\n<div id=\"mttContainer\" class=\"notranslate\" style=\"transform: translate(328px, 197px);\" aria-expanded=\"false\"><\/div>\n<div id=\"mttContainer\" class=\"notranslate\" style=\"transform: translate(252px, 196px);\" aria-expanded=\"false\"><\/div>\n<p>[\/vc_column_text]<\/p>\n\n    \t\t<\/div>\n    \t<\/div><div class=\"themesflat_sc_vc-icon clearfix \" style=\"display: block; text-align:center;\" data-color=\"#c71d3b\" ><span class=\"icon \" style=\"font-size:75px;width:70px;height:70px;color:#c71d3b;line-height:70px;\" ><i class=\"typcn typcn-arrow-down\"><\/i><\/span><\/div>[\/vc_column_inner][\/vc_row_inner]\n\t\t<div class=\"themesflat_sc_vc-spacer clearfix\" data-desktop=\"30\" data-mobi=\"30\" data-smobi=\"30\"><\/div>[\/vc_column][\/vc_row][vc_row full_width=&#8221;stretch_row&#8221; css=&#8221;.vc_custom_1711174250643{background-color: #fafafa !important;}&#8221;][vc_column]\n\t\t<div class=\"themesflat_sc_vc-spacer clearfix\" data-desktop=\"95\" data-mobi=\"60\" data-smobi=\"60\"><\/div><div class=\"themesflat_sc_vc-headings clearfix text-center\" data-font=28 style=\"\"><h2 class=\"heading clearfix\" style=\"font-weight:700;color:#c71d3b;line-height:130%;margin-bottom:10px;letter-spacing:-2px;word-spacing:2px;font-size:28px;\">\n\t\t\tStellengesuch\n\t\t<\/h2><div class=\"sep  clearfix\" style=\"width:100px;height:3px;background-color:#c71d3b;\"><\/div><\/div>[vc_row_inner][vc_column_inner]<div class=\"themesflat_sc_vc-content-box clearfix  \" data-padding=\"\" data-mobipadding=\"\" data-margin=\"\" data-mobimargin=\"\" style=\"\">\n    \t\t\n    \t\t<div class=\"inner \" style=\"\">\n    \t\t\t<p>[vc_raw_html]JTVCd3Bmb3JtcyUyMGlkJTNEJTIyNTc5MCUyMiUyMHRpdGxlJTNEJTIyZmFsc2UlMjIlNUQ=[\/vc_raw_html]<\/p>\n\n    \t\t<\/div>\n    \t<\/div>[\/vc_column_inner][\/vc_row_inner]\n\t\t<div class=\"themesflat_sc_vc-spacer clearfix\" data-desktop=\"70\" data-mobi=\"60\" data-smobi=\"60\"><\/div>[\/vc_column][\/vc_row][vc_row][vc_column][vc_column_text]<\/p>\n<div id=\"mttContainer\" class=\"notranslate\" aria-expanded=\"false\"><\/div>\n<p>[\/vc_column_text][\/vc_column][\/vc_row][vc_row][vc_column][vc_column_text]<\/p>\n<div id=\"mttContainer\" class=\"notranslate\" aria-expanded=\"false\"><\/div>\n<p>[\/vc_column_text][\/vc_column][\/vc_row][vc_row][vc_column][vc_column_text]<\/p>\n<div id=\"mttContainer\" class=\"notranslate\" aria-expanded=\"false\"><\/div>\n<div id=\"mttContainer\" class=\"notranslate\" aria-expanded=\"false\"><\/div>\n<p>[\/vc_column_text][\/vc_column][\/vc_row]<\/p>\n<div id=\"mttContainer\" class=\"notranslate\" aria-expanded=\"false\"><\/div>\n<\/section>","protected":false},"excerpt":{"rendered":"<p>[vc_row][vc_column][vc_row_inner][vc_column_inner][\/vc_column_inner][\/vc_row_inner][\/vc_column][\/vc_row][vc_row full_width=&#8221;stretch_row&#8221; css=&#8221;.vc_custom_1711174250643{background-color: #fafafa !important;}&#8221;][vc_column][vc_row_inner][vc_column_inner][\/vc_column_inner][\/vc_row_inner][\/vc_column][\/vc_row][vc_row][vc_column][vc_column_text] [\/vc_column_text][\/vc_column][\/vc_row][vc_row][vc_column][vc_column_text] [\/vc_column_text][\/vc_column][\/vc_row][vc_row][vc_column][vc_column_text] [\/vc_column_text][\/vc_column][\/vc_row]<\/p>\n","protected":false},"author":1,"featured_media":0,"parent":0,"menu_order":0,"comment_status":"closed","ping_status":"closed","template":"tpl\/page_nosidebar.php","meta":{"footnotes":""},"class_list":["post-6281","page","type-page","status-publish","hentry"],"_links":{"self":[{"href":"https:\/\/digimarkstudio.com\/de\/wp-json\/wp\/v2\/pages\/6281","targetHints":{"allow":["GET"]}}],"collection":[{"href":"https:\/\/digimarkstudio.com\/de\/wp-json\/wp\/v2\/pages"}],"about":[{"href":"https:\/\/digimarkstudio.com\/de\/wp-json\/wp\/v2\/types\/page"}],"author":[{"embeddable":true,"href":"https:\/\/digimarkstudio.com\/de\/wp-json\/wp\/v2\/users\/1"}],"replies":[{"embeddable":true,"href":"https:\/\/digimarkstudio.com\/de\/wp-json\/wp\/v2\/comments?post=6281"}],"version-history":[{"count":0,"href":"https:\/\/digimarkstudio.com\/de\/wp-json\/wp\/v2\/pages\/6281\/revisions"}],"wp:attachment":[{"href":"https:\/\/digimarkstudio.com\/de\/wp-json\/wp\/v2\/media?parent=6281"}],"curies":[{"name":"wp","href":"https:\/\/api.w.org\/{rel}","templated":true}]}}